{"id":16,"date":"2012-10-18T17:52:19","date_gmt":"2012-10-18T15:52:19","guid":{"rendered":"http:\/\/wehowsky.ch\/?page_id=16"},"modified":"2012-10-19T10:15:14","modified_gmt":"2012-10-19T08:15:14","slug":"gesellschaft","status":"publish","type":"page","link":"http:\/\/wehowsky.ch\/?page_id=16","title":{"rendered":"Gesellschaft"},"content":{"rendered":"<p>Unter die Kategorie <a href=\"http:\/\/wehowsky.ch\/?cat=1\">Gesellschaft<\/a>\u00a0fallen Beitr\u00e4ge \u00fcber politische Entwicklungen. Weil es in meinen Beitr\u00e4gen selten um einzelne Personen oder Ereignisse geht, sondern um tiefergehende Analysen, habe ich die Rubrik Gesellschaft gew\u00e4hlt.<\/p>\n<p>Politik wird heute anders als fr\u00fcher dargestellt und sie reagiert auch unmittelbarer auf gesellschaftliche Tendenzen und Stimmungen. Deswegen l\u00e4sst sich zwischen Politik und Gesellschaft nicht mehr so wie fr\u00fcher, als die Parlamente noch eine gr\u00f6ssere Rolle spielten, trennen.<\/p>\n","protected":false},"excerpt":{"rendered":"<p>Unter die Kategorie Gesellschaft\u00a0fallen Beitr\u00e4ge \u00fcber politische Entwicklungen. Weil es in meinen Beitr\u00e4gen selten um einzelne Personen oder Ereignisse geht, sondern um tiefergehende Analysen, habe ich die Rubrik Gesellschaft gew\u00e4hlt. Politik wird heute anders als fr\u00fcher dargestellt und sie reagiert &hellip; <a href=\"http:\/\/wehowsky.ch\/?page_id=16\">Weiterlesen <span class=\"meta-nav\">&rarr;<\/span><\/a><\/p>\n","protected":false},"author":1,"featured_media":0,"parent":0,"menu_order":2,"comment_status":"closed","ping_status":"closed","template":"","meta":{"footnotes":""},"_links":{"self":[{"href":"http:\/\/wehowsky.ch\/index.php?rest_route=\/wp\/v2\/pages\/16"}],"collection":[{"href":"http:\/\/wehowsky.ch\/index.php?rest_route=\/wp\/v2\/pages"}],"about":[{"href":"http:\/\/wehowsky.ch\/index.php?rest_route=\/wp\/v2\/types\/page"}],"author":[{"embeddable":true,"href":"http:\/\/wehowsky.ch\/index.php?rest_route=\/wp\/v2\/users\/1"}],"replies":[{"embeddable":true,"href":"http:\/\/wehowsky.ch\/index.php?rest_route=%2Fwp%2Fv2%2Fcomments&post=16"}],"version-history":[{"count":3,"href":"http:\/\/wehowsky.ch\/index.php?rest_route=\/wp\/v2\/pages\/16\/revisions"}],"predecessor-version":[{"id":63,"href":"http:\/\/wehowsky.ch\/index.php?rest_route=\/wp\/v2\/pages\/16\/revisions\/63"}],"wp:attachment":[{"href":"http:\/\/wehowsky.ch\/index.php?rest_route=%2Fwp%2Fv2%2Fmedia&parent=16"}],"curies":[{"name":"wp","href":"https:\/\/api.w.org\/{rel}","templated":true}]}}