{"id":19,"date":"2012-10-18T17:53:42","date_gmt":"2012-10-18T15:53:42","guid":{"rendered":"http:\/\/wehowsky.ch\/?page_id=19"},"modified":"2012-10-19T10:24:46","modified_gmt":"2012-10-19T08:24:46","slug":"trends","status":"publish","type":"page","link":"http:\/\/wehowsky.ch\/?page_id=19","title":{"rendered":"Trends"},"content":{"rendered":"<p>Unter <a href=\"http:\/\/wehowsky.ch\/?cat=3\">Trends<\/a>\u00a0erscheinen Beitr\u00e4ge, die sich auf gesellschaftliche Entwicklungen\u00a0beziehen. Dabei kann es sich explizit um Trends handeln, wie sie von Trendforschern analysiert werden. Dar\u00fcber hinaus aber gibt es auch Tendenzen und Entwicklungen, die vielleicht erst sp\u00e4ter als Trends thematisiert werden. Sofern meine Beitr\u00e4ge sich darauf beziehen, erscheinen sie unter dieser Kategorie.<\/p>\n","protected":false},"excerpt":{"rendered":"<p>Unter Trends\u00a0erscheinen Beitr\u00e4ge, die sich auf gesellschaftliche Entwicklungen\u00a0beziehen. Dabei kann es sich explizit um Trends handeln, wie sie von Trendforschern analysiert werden. Dar\u00fcber hinaus aber gibt es auch Tendenzen und Entwicklungen, die vielleicht erst sp\u00e4ter als Trends thematisiert werden. Sofern &hellip; <a href=\"http:\/\/wehowsky.ch\/?page_id=19\">Weiterlesen <span class=\"meta-nav\">&rarr;<\/span><\/a><\/p>\n","protected":false},"author":1,"featured_media":0,"parent":0,"menu_order":3,"comment_status":"closed","ping_status":"closed","template":"","meta":{"footnotes":""},"_links":{"self":[{"href":"http:\/\/wehowsky.ch\/index.php?rest_route=\/wp\/v2\/pages\/19"}],"collection":[{"href":"http:\/\/wehowsky.ch\/index.php?rest_route=\/wp\/v2\/pages"}],"about":[{"href":"http:\/\/wehowsky.ch\/index.php?rest_route=\/wp\/v2\/types\/page"}],"author":[{"embeddable":true,"href":"http:\/\/wehowsky.ch\/index.php?rest_route=\/wp\/v2\/users\/1"}],"replies":[{"embeddable":true,"href":"http:\/\/wehowsky.ch\/index.php?rest_route=%2Fwp%2Fv2%2Fcomments&post=19"}],"version-history":[{"count":3,"href":"http:\/\/wehowsky.ch\/index.php?rest_route=\/wp\/v2\/pages\/19\/revisions"}],"predecessor-version":[{"id":65,"href":"http:\/\/wehowsky.ch\/index.php?rest_route=\/wp\/v2\/pages\/19\/revisions\/65"}],"wp:attachment":[{"href":"http:\/\/wehowsky.ch\/index.php?rest_route=%2Fwp%2Fv2%2Fmedia&parent=19"}],"curies":[{"name":"wp","href":"https:\/\/api.w.org\/{rel}","templated":true}]}}