{"id":2,"date":"2012-10-18T15:27:52","date_gmt":"2012-10-18T15:27:52","guid":{"rendered":"http:\/\/wehowsky.ch\/?page_id=2"},"modified":"2012-10-20T21:58:21","modified_gmt":"2012-10-20T19:58:21","slug":"beispiel-seite","status":"publish","type":"page","link":"http:\/\/wehowsky.ch\/?page_id=2","title":{"rendered":"Journal 21"},"content":{"rendered":"<p>Das <a href=\"http:\/\/journal21.ch\">www.journal21.ch<\/a>\u00a0ist eine Internetzeitung, die seit September 2010 im Netz steht. Gegr\u00fcndet wurde sie vom ehemaligen Chef der Schweizer Tagesschau, Heiner Hug.<\/p>\n<p>Pro Tag \u00a0erscheinen zwischen drei bis f\u00fcnf neue Beitr\u00e4ge, wobei zu unserem Autorenstamm international renommierte Publizisten geh\u00f6ren. Das Themenspektrum ist breit. Die internationale Politik hat sich als Schwerpunkt herausgebildet, w\u00e4hrend wir wenig \u00fcber die Schweizer Politik haben. Dazu kommen Beitr\u00e4ge aus allen Bereichen der Kultur, also B\u00fccher, Filme, Theater, bildende Kunst und Fotografie.<\/p>\n<p>Unsere Leserschaft ist gross und nicht auf die Schweiz beschr\u00e4nkt. An den Kommentaren und den Reaktionen auf unseren Newsletter sehen wir, dass wir auch stark im Ausland wahrgenommen werden.<\/p>\n","protected":false},"excerpt":{"rendered":"<p>Das www.journal21.ch\u00a0ist eine Internetzeitung, die seit September 2010 im Netz steht. Gegr\u00fcndet wurde sie vom ehemaligen Chef der Schweizer Tagesschau, Heiner Hug. Pro Tag \u00a0erscheinen zwischen drei bis f\u00fcnf neue Beitr\u00e4ge, wobei zu unserem Autorenstamm international renommierte Publizisten geh\u00f6ren. Das &hellip; <a href=\"http:\/\/wehowsky.ch\/?page_id=2\">Weiterlesen <span class=\"meta-nav\">&rarr;<\/span><\/a><\/p>\n","protected":false},"author":1,"featured_media":0,"parent":0,"menu_order":1,"comment_status":"closed","ping_status":"closed","template":"","meta":{"footnotes":""},"_links":{"self":[{"href":"http:\/\/wehowsky.ch\/index.php?rest_route=\/wp\/v2\/pages\/2"}],"collection":[{"href":"http:\/\/wehowsky.ch\/index.php?rest_route=\/wp\/v2\/pages"}],"about":[{"href":"http:\/\/wehowsky.ch\/index.php?rest_route=\/wp\/v2\/types\/page"}],"author":[{"embeddable":true,"href":"http:\/\/wehowsky.ch\/index.php?rest_route=\/wp\/v2\/users\/1"}],"replies":[{"embeddable":true,"href":"http:\/\/wehowsky.ch\/index.php?rest_route=%2Fwp%2Fv2%2Fcomments&post=2"}],"version-history":[{"count":11,"href":"http:\/\/wehowsky.ch\/index.php?rest_route=\/wp\/v2\/pages\/2\/revisions"}],"predecessor-version":[{"id":5,"href":"http:\/\/wehowsky.ch\/index.php?rest_route=\/wp\/v2\/pages\/2\/revisions\/5"}],"wp:attachment":[{"href":"http:\/\/wehowsky.ch\/index.php?rest_route=%2Fwp%2Fv2%2Fmedia&parent=2"}],"curies":[{"name":"wp","href":"https:\/\/api.w.org\/{rel}","templated":true}]}}