{"id":29,"date":"2012-10-18T17:56:09","date_gmt":"2012-10-18T15:56:09","guid":{"rendered":"http:\/\/wehowsky.ch\/?page_id=29"},"modified":"2024-09-18T11:20:11","modified_gmt":"2024-09-18T09:20:11","slug":"personlich","status":"publish","type":"page","link":"http:\/\/wehowsky.ch\/?page_id=29","title":{"rendered":"Pers\u00f6nlich"},"content":{"rendered":"<p><span style=\"color: #333333;\"><span style=\"font-family: Arial, sans-serif;\"><span style=\"font-size: small;\"><a href=\"http:\/\/wehowsky.ch\/wp-content\/uploads\/2014\/11\/Grau_140820_kl.jpg\"><img loading=\"lazy\" decoding=\"async\" class=\"alignleft  wp-image-794\" src=\"http:\/\/wehowsky.ch\/wp-content\/uploads\/2014\/11\/Grau_140820_kl-240x300.jpg\" alt=\"Grau_140820_kl\" width=\"161\" height=\"201\" srcset=\"http:\/\/wehowsky.ch\/wp-content\/uploads\/2014\/11\/Grau_140820_kl-240x300.jpg 240w, http:\/\/wehowsky.ch\/wp-content\/uploads\/2014\/11\/Grau_140820_kl-821x1024.jpg 821w\" sizes=\"(max-width: 161px) 100vw, 161px\" \/><\/a>Geboren 1950 in Bremen. Nach dem Studium der ev. Theologie, Geistes- und Sozialwissenschaften Promotion in ev. Theologie, dann Verlagslektor (Vandenhoeck &amp; Ruprecht, G\u00f6ttingen, Bertelsmann, G\u00fctersloh). Von 1986 bis 1993 Redakteur und fester freier Mitarbeiter der S\u00fcddeutschen Zeitung, M\u00fcnchen. Seit 1993 Buchautor und Publizist in Zug, Schweiz.<br \/>\n<\/span><\/span><\/span><span style=\"color: #333333;\"><span style=\"font-family: Arial, sans-serif;\"><span style=\"font-size: small;\">Seit September 2010 Mitglied des Leitungsteams, Dienstredakteur und Autor im <\/span><\/span><\/span><a href=\"http:\/\/journal21.ch\/\" target=\"_blank\" rel=\"noopener\"><span style=\"color: #1b57b1;\"><span style=\"font-family: Arial, sans-serif;\"><span style=\"font-size: small;\">Journal 21<\/span><\/span><\/span><\/a><span style=\"color: #333333;\"><span style=\"font-family: Arial, sans-serif;\"><span style=\"font-size: small;\">.<br \/>\n<\/span><\/span><\/span><span style=\"color: #333333;\"><span style=\"font-family: Arial, sans-serif;\"><span style=\"font-size: small;\">Verheiratet mit der Fach\u00e4rztin f\u00fcr Gyn\u00e4kologie und Geburtshilfe Pia U. Gnos Wehowsky. \u00a0Unser gemeinsamer Sohn Andreas Wehowsky ist promovierter Anwalt LL.M. in Z\u00fcrich.<\/span><\/span><\/span><\/p>\n","protected":false},"excerpt":{"rendered":"<p>Geboren 1950 in Bremen. Nach dem Studium der ev. Theologie, Geistes- und Sozialwissenschaften Promotion in ev. Theologie, dann Verlagslektor (Vandenhoeck &amp; Ruprecht, G\u00f6ttingen, Bertelsmann, G\u00fctersloh). Von 1986 bis 1993 Redakteur und fester freier Mitarbeiter der S\u00fcddeutschen Zeitung, M\u00fcnchen. Seit 1993 &hellip; <a href=\"http:\/\/wehowsky.ch\/?page_id=29\">Weiterlesen <span class=\"meta-nav\">&rarr;<\/span><\/a><\/p>\n","protected":false},"author":1,"featured_media":0,"parent":0,"menu_order":9,"comment_status":"closed","ping_status":"closed","template":"","meta":{"footnotes":""},"_links":{"self":[{"href":"http:\/\/wehowsky.ch\/index.php?rest_route=\/wp\/v2\/pages\/29"}],"collection":[{"href":"http:\/\/wehowsky.ch\/index.php?rest_route=\/wp\/v2\/pages"}],"about":[{"href":"http:\/\/wehowsky.ch\/index.php?rest_route=\/wp\/v2\/types\/page"}],"author":[{"embeddable":true,"href":"http:\/\/wehowsky.ch\/index.php?rest_route=\/wp\/v2\/users\/1"}],"replies":[{"embeddable":true,"href":"http:\/\/wehowsky.ch\/index.php?rest_route=%2Fwp%2Fv2%2Fcomments&post=29"}],"version-history":[{"count":13,"href":"http:\/\/wehowsky.ch\/index.php?rest_route=\/wp\/v2\/pages\/29\/revisions"}],"predecessor-version":[{"id":2101,"href":"http:\/\/wehowsky.ch\/index.php?rest_route=\/wp\/v2\/pages\/29\/revisions\/2101"}],"wp:attachment":[{"href":"http:\/\/wehowsky.ch\/index.php?rest_route=%2Fwp%2Fv2%2Fmedia&parent=29"}],"curies":[{"name":"wp","href":"https:\/\/api.w.org\/{rel}","templated":true}]}}